{"id":3068,"date":"2021-05-27T15:02:02","date_gmt":"2021-05-27T13:02:02","guid":{"rendered":"http:\/\/develop.visionmedia.nu\/dametric\/?page_id=3068"},"modified":"2025-11-11T11:11:32","modified_gmt":"2025-11-11T10:11:32","slug":"news","status":"publish","type":"page","link":"https:\/\/dametric.se\/en\/news\/","title":{"rendered":"News"},"content":{"rendered":"<p>[et_pb_section fb_built=&#8221;1&#8243; admin_label=&#8221;Header&#8221; _builder_version=&#8221;4.16&#8243; use_background_color_gradient=&#8221;on&#8221; background_color_gradient_direction=&#8221;123deg&#8221; background_color_gradient_stops=&#8221;rgba(0,0,0,0.65) 0%|rgba(224,153,0,0) 100%&#8221; background_color_gradient_overlays_image=&#8221;on&#8221; background_color_gradient_start=&#8221;rgba(0,0,0,0.65)&#8221; background_color_gradient_end=&#8221;rgba(224,153,0,0)&#8221; background_image=&#8221;https:\/\/dametric.se\/wp-content\/uploads\/2021\/04\/subheader-about3.jpg&#8221; background_position=&#8221;bottom_center&#8221; custom_padding=&#8221;6vw||6vw||true|false&#8221; bottom_divider_style=&#8221;slant2&#8243; bottom_divider_color=&#8221;RGBA(0,0,0,0)&#8221; bottom_divider_height=&#8221;100%&#8221; bottom_divider_flip=&#8221;horizontal&#8221; global_colors_info=&#8221;{}&#8221;][et_pb_row _builder_version=&#8221;4.16&#8243; custom_padding=&#8221;0|0px|0|0px|true|false&#8221; border_color_all=&#8221;#ffa53b&#8221; border_width_left=&#8221;20px&#8221; border_color_left=&#8221;#00a49a&#8221; global_colors_info=&#8221;{}&#8221;][et_pb_column type=&#8221;4_4&#8243; _builder_version=&#8221;4.16&#8243; custom_padding=&#8221;|||&#8221; global_colors_info=&#8221;{}&#8221; custom_padding__hover=&#8221;|||&#8221;][et_pb_text _builder_version=&#8221;4.16&#8243; header_font=&#8221;|700||on|||||&#8221; header_text_color=&#8221;rgba(255,255,255,0.9)&#8221; header_font_size=&#8221;70px&#8221; header_letter_spacing=&#8221;0.1em&#8221; header_line_height=&#8221;1.4em&#8221; background_color=&#8221;rgba(0,164,154,0.56)&#8221; max_width=&#8221;800px&#8221; custom_margin=&#8221;||0px&#8221; custom_padding=&#8221;40px|10px|40px|20px|true|false&#8221; header_font_size_tablet=&#8221;40px&#8221; header_font_size_phone=&#8221;30px&#8221; header_font_size_last_edited=&#8221;on|phone&#8221; global_colors_info=&#8221;{}&#8221;]<\/p>\n<h1>News<\/h1>\n<p>[\/et_pb_text][\/et_pb_column][\/et_pb_row][\/et_pb_section][et_pb_section fb_built=&#8221;1&#8243; admin_label=&#8221;Om&#8221; _builder_version=&#8221;4.16&#8243; custom_padding=&#8221;||88px|||&#8221; custom_width_px__hover=&#8221;1080px&#8221; custom_width_px__hover_enabled=&#8221;1080px&#8221; custom_width_percent__hover=&#8221;80%&#8221; custom_width_percent__hover_enabled=&#8221;80%&#8221; global_colors_info=&#8221;{}&#8221; gutter_width__hover=&#8221;3&#8243; gutter_width__hover_enabled=&#8221;3&#8243; parallax_1__hover=&#8221;off&#8221; parallax_1__hover_enabled=&#8221;off&#8221; parallax_2__hover=&#8221;off&#8221; parallax_2__hover_enabled=&#8221;off&#8221; parallax_3__hover=&#8221;off&#8221; parallax_3__hover_enabled=&#8221;off&#8221; parallax_method_1__hover=&#8221;on&#8221; parallax_method_1__hover_enabled=&#8221;on&#8221; parallax_method_2__hover=&#8221;on&#8221; parallax_method_2__hover_enabled=&#8221;on&#8221; parallax_method_3__hover=&#8221;on&#8221; parallax_method_3__hover_enabled=&#8221;on&#8221; use_background_color_gradient__hover=&#8221;off&#8221; use_background_color_gradient__hover_enabled=&#8221;off&#8221; background_color_gradient_start__hover=&#8221;#2b87da&#8221; background_color_gradient_start__hover_enabled=&#8221;#2b87da&#8221; background_color_gradient_end__hover=&#8221;#29c4a9&#8243; background_color_gradient_end__hover_enabled=&#8221;#29c4a9&#8243; background_color_gradient_type__hover=&#8221;linear&#8221; background_color_gradient_type__hover_enabled=&#8221;linear&#8221; background_color_gradient_direction__hover=&#8221;180deg&#8221; background_color_gradient_direction__hover_enabled=&#8221;180deg&#8221; background_color_gradient_direction_radial__hover=&#8221;center&#8221; background_color_gradient_direction_radial__hover_enabled=&#8221;center&#8221; background_color_gradient_start_position__hover=&#8221;0%&#8221; background_color_gradient_start_position__hover_enabled=&#8221;0%&#8221; background_color_gradient_end_position__hover=&#8221;100%&#8221; background_color_gradient_end_position__hover_enabled=&#8221;100%&#8221; background_color_gradient_overlays_image__hover=&#8221;off&#8221; background_color_gradient_overlays_image__hover_enabled=&#8221;off&#8221; parallax__hover=&#8221;off&#8221; parallax__hover_enabled=&#8221;off&#8221; parallax_method__hover=&#8221;on&#8221; parallax_method__hover_enabled=&#8221;on&#8221; background_size__hover=&#8221;cover&#8221; background_size__hover_enabled=&#8221;cover&#8221; background_position__hover=&#8221;center&#8221; background_position__hover_enabled=&#8221;center&#8221; background_repeat__hover=&#8221;no-repeat&#8221; background_repeat__hover_enabled=&#8221;no-repeat&#8221; background_blend__hover=&#8221;normal&#8221; background_blend__hover_enabled=&#8221;normal&#8221; allow_player_pause__hover=&#8221;off&#8221; allow_player_pause__hover_enabled=&#8221;off&#8221; background_video_pause_outside_viewport__hover=&#8221;on&#8221; background_video_pause_outside_viewport__hover_enabled=&#8221;on&#8221; inner_shadow__hover=&#8221;off&#8221; inner_shadow__hover_enabled=&#8221;off&#8221; make_fullwidth__hover=&#8221;off&#8221; make_fullwidth__hover_enabled=&#8221;off&#8221; use_custom_width__hover=&#8221;off&#8221; use_custom_width__hover_enabled=&#8221;off&#8221; width_unit__hover=&#8221;on&#8221; width_unit__hover_enabled=&#8221;on&#8221; make_equal__hover=&#8221;off&#8221; make_equal__hover_enabled=&#8221;off&#8221; use_custom_gutter__hover=&#8221;off&#8221; use_custom_gutter__hover_enabled=&#8221;off&#8221; border_radii__hover=&#8221;on||||&#8221; border_radii__hover_enabled=&#8221;on||||&#8221; box_shadow_style__hover=&#8221;none&#8221; box_shadow_style__hover_enabled=&#8221;none&#8221; box_shadow_color__hover=&#8221;rgba(0,0,0,0.3)&#8221; box_shadow_color__hover_enabled=&#8221;rgba(0,0,0,0.3)&#8221; max_width__hover=&#8221;100%&#8221; max_width__hover_enabled=&#8221;100%&#8221; filter_hue_rotate__hover=&#8221;0deg&#8221; filter_hue_rotate__hover_enabled=&#8221;0deg&#8221; filter_saturate__hover=&#8221;100%&#8221; filter_saturate__hover_enabled=&#8221;100%&#8221; filter_brightness__hover=&#8221;100%&#8221; filter_brightness__hover_enabled=&#8221;100%&#8221; filter_contrast__hover=&#8221;100%&#8221; filter_contrast__hover_enabled=&#8221;100%&#8221; filter_invert__hover=&#8221;0%&#8221; filter_invert__hover_enabled=&#8221;0%&#8221; filter_sepia__hover=&#8221;0%&#8221; filter_sepia__hover_enabled=&#8221;0%&#8221; filter_opacity__hover=&#8221;100%&#8221; filter_opacity__hover_enabled=&#8221;100%&#8221; filter_blur__hover=&#8221;0px&#8221; filter_blur__hover_enabled=&#8221;0px&#8221; mix_blend_mode__hover=&#8221;normal&#8221; mix_blend_mode__hover_enabled=&#8221;normal&#8221; animation_style__hover=&#8221;none&#8221; animation_style__hover_enabled=&#8221;none&#8221; animation_repeat__hover=&#8221;once&#8221; animation_repeat__hover_enabled=&#8221;once&#8221; animation_direction__hover=&#8221;center&#8221; animation_direction__hover_enabled=&#8221;center&#8221; animation_duration__hover=&#8221;1000ms&#8221; animation_duration__hover_enabled=&#8221;1000ms&#8221; animation_delay__hover=&#8221;0ms&#8221; animation_delay__hover_enabled=&#8221;0ms&#8221; animation_intensity_slide__hover=&#8221;50%&#8221; animation_intensity_slide__hover_enabled=&#8221;50%&#8221; animation_intensity_zoom__hover=&#8221;50%&#8221; animation_intensity_zoom__hover_enabled=&#8221;50%&#8221; animation_intensity_flip__hover=&#8221;50%&#8221; animation_intensity_flip__hover_enabled=&#8221;50%&#8221; animation_intensity_fold__hover=&#8221;50%&#8221; animation_intensity_fold__hover_enabled=&#8221;50%&#8221; animation_intensity_roll__hover=&#8221;50%&#8221; animation_intensity_roll__hover_enabled=&#8221;50%&#8221; animation_starting_opacity__hover=&#8221;0%&#8221; animation_starting_opacity__hover_enabled=&#8221;0%&#8221; animation_speed_curve__hover=&#8221;ease-in-out&#8221; animation_speed_curve__hover_enabled=&#8221;ease-in-out&#8221; hover_transition_duration__hover=&#8221;300ms&#8221; hover_transition_duration__hover_enabled=&#8221;300ms&#8221; hover_transition_delay__hover=&#8221;0ms&#8221; hover_transition_delay__hover_enabled=&#8221;0ms&#8221; hover_transition_speed_curve__hover=&#8221;ease&#8221; hover_transition_speed_curve__hover_enabled=&#8221;ease&#8221; background_color_gradient_stops__hover=&#8221;#2b87da 0%|#29c4a9 100%&#8221;][et_pb_row _builder_version=&#8221;4.16&#8243; width=&#8221;65%&#8221; width_tablet=&#8221;&#8221; width_phone=&#8221;90%&#8221; width_last_edited=&#8221;on|phone&#8221; max_width=&#8221;1920px&#8221; custom_margin=&#8221;|auto|108px|auto||&#8221; custom_padding=&#8221;||106px|||&#8221; global_colors_info=&#8221;{}&#8221;][et_pb_column type=&#8221;4_4&#8243; _builder_version=&#8221;4.16&#8243; custom_padding=&#8221;|||&#8221; global_colors_info=&#8221;{}&#8221; custom_padding__hover=&#8221;|||&#8221;][et_pb_blog posts_number=&#8221;4&#8243; include_categories=&#8221;135,138,1&#8243; meta_date=&#8221;d F Y&#8221; show_thumbnail=&#8221;off&#8221; show_more=&#8221;on&#8221; show_author=&#8221;off&#8221; _builder_version=&#8221;4.16&#8243; _module_preset=&#8221;default&#8221; header_text_color=&#8221;#00a49a&#8221; header_font_size=&#8221;24px&#8221; body_font_size=&#8221;16px&#8221; meta_font_size=&#8221;14px&#8221; read_more_text_color=&#8221;#00A49A&#8221; read_more_font_size=&#8221;16px&#8221; pagination_font=&#8221;|600|||||||&#8221; pagination_text_color=&#8221;#00a49a&#8221; pagination_font_size=&#8221;16px&#8221; width=&#8221;60%&#8221; width_tablet=&#8221;100%&#8221; width_phone=&#8221;100%&#8221; width_last_edited=&#8221;on|tablet&#8221; module_alignment=&#8221;center&#8221; header_font_size_tablet=&#8221;&#8221; header_font_size_phone=&#8221;20px&#8221; header_font_size_last_edited=&#8221;on|desktop&#8221; body_font_size_tablet=&#8221;&#8221; body_font_size_phone=&#8221;14px&#8221; body_font_size_last_edited=&#8221;on|phone&#8221; meta_font_size_tablet=&#8221;&#8221; meta_font_size_phone=&#8221;14px&#8221; meta_font_size_last_edited=&#8221;on|phone&#8221; pagination_font_size_tablet=&#8221;&#8221; pagination_font_size_phone=&#8221;16px&#8221; pagination_font_size_last_edited=&#8221;on|phone&#8221; global_colors_info=&#8221;{}&#8221;][\/et_pb_blog][\/et_pb_column][\/et_pb_row][\/et_pb_section]<\/p>\n","protected":false},"excerpt":{"rendered":"<p>News<\/p>\n","protected":false},"author":1,"featured_media":8946,"parent":0,"menu_order":10,"comment_status":"closed","ping_status":"closed","template":"","meta":{"_et_pb_use_builder":"on","_et_pb_old_content":"","_et_gb_content_width":"","footnotes":""},"class_list":["post-3068","page","type-page","status-publish","has-post-thumbnail","hentry"],"yoast_head":"<!-- This site is optimized with the Yoast SEO plugin v27.4 - https:\/\/yoast.com\/product\/yoast-seo-wordpress\/ -->\n<title>News and events - latest from Dametric and Dynapond<\/title>\n<meta name=\"description\" content=\"Read the latest news about Dametric, Dynapond, trade fairs, events, partnerships and various industry initiatives and collaborations.\" \/>\n<meta name=\"robots\" content=\"index, follow, max-snippet:-1, max-image-preview:large, max-video-preview:-1\" \/>\n<link rel=\"canonical\" href=\"https:\/\/dametric.se\/en\/news\/\" \/>\n<meta property=\"og:locale\" content=\"en_US\" \/>\n<meta property=\"og:type\" content=\"article\" \/>\n<meta property=\"og:title\" content=\"News\" \/>\n<meta property=\"og:description\" content=\"Latest news from Dametric and Dynapond.\" \/>\n<meta property=\"og:url\" content=\"https:\/\/dametric.se\/en\/news\/\" \/>\n<meta property=\"og:site_name\" content=\"Dametric\" \/>\n<meta property=\"article:modified_time\" content=\"2025-11-11T10:11:32+00:00\" \/>\n<meta property=\"og:image\" content=\"https:\/\/dametric.se\/wp-content\/uploads\/2025\/11\/og-seo_img-dametric.webp\" \/>\n<meta name=\"twitter:card\" content=\"summary_large_image\" \/>\n<meta name=\"twitter:title\" content=\"Latest news\" \/>\n<meta name=\"twitter:description\" content=\"Keep up to date with our news.\" \/>\n<meta name=\"twitter:image\" content=\"https:\/\/dametric.se\/wp-content\/uploads\/2025\/11\/twitter_x-seo_img-dametric.webp\" \/>\n<meta name=\"twitter:label1\" content=\"Est. reading time\" \/>\n\t<meta name=\"twitter:data1\" content=\"5 minutes\" \/>\n<script type=\"application\/ld+json\" class=\"yoast-schema-graph\">{\"@context\":\"https:\\\/\\\/schema.org\",\"@graph\":[{\"@type\":\"WebPage\",\"@id\":\"https:\\\/\\\/dametric.se\\\/en\\\/news\\\/\",\"url\":\"https:\\\/\\\/dametric.se\\\/en\\\/news\\\/\",\"name\":\"News and events - latest from Dametric and Dynapond\",\"isPartOf\":{\"@id\":\"https:\\\/\\\/dametric.se\\\/en\\\/#website\"},\"primaryImageOfPage\":{\"@id\":\"https:\\\/\\\/dametric.se\\\/en\\\/news\\\/#primaryimage\"},\"image\":{\"@id\":\"https:\\\/\\\/dametric.se\\\/en\\\/news\\\/#primaryimage\"},\"thumbnailUrl\":\"https:\\\/\\\/dametric.se\\\/wp-content\\\/uploads\\\/2025\\\/11\\\/logo-seo-dametric.webp\",\"datePublished\":\"2021-05-27T13:02:02+00:00\",\"dateModified\":\"2025-11-11T10:11:32+00:00\",\"description\":\"Read the latest news about Dametric, Dynapond, trade fairs, events, partnerships and various industry initiatives and collaborations.\",\"breadcrumb\":{\"@id\":\"https:\\\/\\\/dametric.se\\\/en\\\/news\\\/#breadcrumb\"},\"inLanguage\":\"en-US\",\"potentialAction\":[{\"@type\":\"ReadAction\",\"target\":[\"https:\\\/\\\/dametric.se\\\/en\\\/news\\\/\"]}]},{\"@type\":\"ImageObject\",\"inLanguage\":\"en-US\",\"@id\":\"https:\\\/\\\/dametric.se\\\/en\\\/news\\\/#primaryimage\",\"url\":\"https:\\\/\\\/dametric.se\\\/wp-content\\\/uploads\\\/2025\\\/11\\\/logo-seo-dametric.webp\",\"contentUrl\":\"https:\\\/\\\/dametric.se\\\/wp-content\\\/uploads\\\/2025\\\/11\\\/logo-seo-dametric.webp\",\"width\":696,\"height\":696},{\"@type\":\"BreadcrumbList\",\"@id\":\"https:\\\/\\\/dametric.se\\\/en\\\/news\\\/#breadcrumb\",\"itemListElement\":[{\"@type\":\"ListItem\",\"position\":1,\"name\":\"Hem\",\"item\":\"https:\\\/\\\/dametric.se\\\/en\\\/hem\\\/\"},{\"@type\":\"ListItem\",\"position\":2,\"name\":\"News\"}]},{\"@type\":\"WebSite\",\"@id\":\"https:\\\/\\\/dametric.se\\\/en\\\/#website\",\"url\":\"https:\\\/\\\/dametric.se\\\/en\\\/\",\"name\":\"Dametric\",\"description\":\"Precision och innovation f\u00f6r industrin \u2013 Dametric, din partner f\u00f6r smart m\u00e4tteknik och v\u00e4gning.\",\"publisher\":{\"@id\":\"https:\\\/\\\/dametric.se\\\/en\\\/#organization\"},\"potentialAction\":[{\"@type\":\"SearchAction\",\"target\":{\"@type\":\"EntryPoint\",\"urlTemplate\":\"https:\\\/\\\/dametric.se\\\/en\\\/?s={search_term_string}\"},\"query-input\":{\"@type\":\"PropertyValueSpecification\",\"valueRequired\":true,\"valueName\":\"search_term_string\"}}],\"inLanguage\":\"en-US\"},{\"@type\":\"Organization\",\"@id\":\"https:\\\/\\\/dametric.se\\\/en\\\/#organization\",\"name\":\"Dametric\",\"url\":\"https:\\\/\\\/dametric.se\\\/en\\\/\",\"logo\":{\"@type\":\"ImageObject\",\"inLanguage\":\"en-US\",\"@id\":\"https:\\\/\\\/dametric.se\\\/en\\\/#\\\/schema\\\/logo\\\/image\\\/\",\"url\":\"https:\\\/\\\/dametric.se\\\/wp-content\\\/uploads\\\/2021\\\/04\\\/dametric_col_light_bg_5000x965.png\",\"contentUrl\":\"https:\\\/\\\/dametric.se\\\/wp-content\\\/uploads\\\/2021\\\/04\\\/dametric_col_light_bg_5000x965.png\",\"width\":5000,\"height\":965,\"caption\":\"Dametric\"},\"image\":{\"@id\":\"https:\\\/\\\/dametric.se\\\/en\\\/#\\\/schema\\\/logo\\\/image\\\/\"},\"sameAs\":[\"https:\\\/\\\/www.linkedin.com\\\/company\\\/dametric-ab\\\/\"]}]}<\/script>\n<!-- \/ Yoast SEO plugin. -->","yoast_head_json":{"title":"News and events - latest from Dametric and Dynapond","description":"Read the latest news about Dametric, Dynapond, trade fairs, events, partnerships and various industry initiatives and collaborations.","robots":{"index":"index","follow":"follow","max-snippet":"max-snippet:-1","max-image-preview":"max-image-preview:large","max-video-preview":"max-video-preview:-1"},"canonical":"https:\/\/dametric.se\/en\/news\/","og_locale":"en_US","og_type":"article","og_title":"News","og_description":"Latest news from Dametric and Dynapond.","og_url":"https:\/\/dametric.se\/en\/news\/","og_site_name":"Dametric","article_modified_time":"2025-11-11T10:11:32+00:00","og_image":[{"url":"https:\/\/dametric.se\/wp-content\/uploads\/2025\/11\/og-seo_img-dametric.webp","type":"","width":"","height":""}],"twitter_card":"summary_large_image","twitter_title":"Latest news","twitter_description":"Keep up to date with our news.","twitter_image":"https:\/\/dametric.se\/wp-content\/uploads\/2025\/11\/twitter_x-seo_img-dametric.webp","twitter_misc":{"Est. reading time":"5 minutes"},"schema":{"@context":"https:\/\/schema.org","@graph":[{"@type":"WebPage","@id":"https:\/\/dametric.se\/en\/news\/","url":"https:\/\/dametric.se\/en\/news\/","name":"News and events - latest from Dametric and Dynapond","isPartOf":{"@id":"https:\/\/dametric.se\/en\/#website"},"primaryImageOfPage":{"@id":"https:\/\/dametric.se\/en\/news\/#primaryimage"},"image":{"@id":"https:\/\/dametric.se\/en\/news\/#primaryimage"},"thumbnailUrl":"https:\/\/dametric.se\/wp-content\/uploads\/2025\/11\/logo-seo-dametric.webp","datePublished":"2021-05-27T13:02:02+00:00","dateModified":"2025-11-11T10:11:32+00:00","description":"Read the latest news about Dametric, Dynapond, trade fairs, events, partnerships and various industry initiatives and collaborations.","breadcrumb":{"@id":"https:\/\/dametric.se\/en\/news\/#breadcrumb"},"inLanguage":"en-US","potentialAction":[{"@type":"ReadAction","target":["https:\/\/dametric.se\/en\/news\/"]}]},{"@type":"ImageObject","inLanguage":"en-US","@id":"https:\/\/dametric.se\/en\/news\/#primaryimage","url":"https:\/\/dametric.se\/wp-content\/uploads\/2025\/11\/logo-seo-dametric.webp","contentUrl":"https:\/\/dametric.se\/wp-content\/uploads\/2025\/11\/logo-seo-dametric.webp","width":696,"height":696},{"@type":"BreadcrumbList","@id":"https:\/\/dametric.se\/en\/news\/#breadcrumb","itemListElement":[{"@type":"ListItem","position":1,"name":"Hem","item":"https:\/\/dametric.se\/en\/hem\/"},{"@type":"ListItem","position":2,"name":"News"}]},{"@type":"WebSite","@id":"https:\/\/dametric.se\/en\/#website","url":"https:\/\/dametric.se\/en\/","name":"Dametric","description":"Precision och innovation f\u00f6r industrin \u2013 Dametric, din partner f\u00f6r smart m\u00e4tteknik och v\u00e4gning.","publisher":{"@id":"https:\/\/dametric.se\/en\/#organization"},"potentialAction":[{"@type":"SearchAction","target":{"@type":"EntryPoint","urlTemplate":"https:\/\/dametric.se\/en\/?s={search_term_string}"},"query-input":{"@type":"PropertyValueSpecification","valueRequired":true,"valueName":"search_term_string"}}],"inLanguage":"en-US"},{"@type":"Organization","@id":"https:\/\/dametric.se\/en\/#organization","name":"Dametric","url":"https:\/\/dametric.se\/en\/","logo":{"@type":"ImageObject","inLanguage":"en-US","@id":"https:\/\/dametric.se\/en\/#\/schema\/logo\/image\/","url":"https:\/\/dametric.se\/wp-content\/uploads\/2021\/04\/dametric_col_light_bg_5000x965.png","contentUrl":"https:\/\/dametric.se\/wp-content\/uploads\/2021\/04\/dametric_col_light_bg_5000x965.png","width":5000,"height":965,"caption":"Dametric"},"image":{"@id":"https:\/\/dametric.se\/en\/#\/schema\/logo\/image\/"},"sameAs":["https:\/\/www.linkedin.com\/company\/dametric-ab\/"]}]}},"_links":{"self":[{"href":"https:\/\/dametric.se\/en\/wp-json\/wp\/v2\/pages\/3068","targetHints":{"allow":["GET"]}}],"collection":[{"href":"https:\/\/dametric.se\/en\/wp-json\/wp\/v2\/pages"}],"about":[{"href":"https:\/\/dametric.se\/en\/wp-json\/wp\/v2\/types\/page"}],"author":[{"embeddable":true,"href":"https:\/\/dametric.se\/en\/wp-json\/wp\/v2\/users\/1"}],"replies":[{"embeddable":true,"href":"https:\/\/dametric.se\/en\/wp-json\/wp\/v2\/comments?post=3068"}],"version-history":[{"count":0,"href":"https:\/\/dametric.se\/en\/wp-json\/wp\/v2\/pages\/3068\/revisions"}],"wp:featuredmedia":[{"embeddable":true,"href":"https:\/\/dametric.se\/en\/wp-json\/wp\/v2\/media\/8946"}],"wp:attachment":[{"href":"https:\/\/dametric.se\/en\/wp-json\/wp\/v2\/media?parent=3068"}],"curies":[{"name":"wp","href":"https:\/\/api.w.org\/{rel}","templated":true}]}}