{"id":2797,"date":"2021-05-21T16:20:31","date_gmt":"2021-05-21T14:20:31","guid":{"rendered":"http:\/\/develop.visionmedia.nu\/dametric\/?page_id=2797"},"modified":"2025-11-11T13:54:54","modified_gmt":"2025-11-11T12:54:54","slug":"hem","status":"publish","type":"page","link":"https:\/\/dametric.se\/en\/","title":{"rendered":"Home"},"content":{"rendered":"<p>[et_pb_section fb_built=&#8221;1&#8243; _builder_version=&#8221;4.16&#8243; _module_preset=&#8221;default&#8221; background_color=&#8221;#00a49a&#8221; background_enable_image=&#8221;off&#8221; width=&#8221;100%&#8221; max_width=&#8221;100%&#8221; module_alignment=&#8221;center&#8221; custom_margin=&#8221;0px|0px|0px|0px|true|true&#8221; custom_padding=&#8221;0px|0px|0px|0px|true|true&#8221; global_colors_info=&#8221;{}&#8221;][et_pb_row column_structure=&#8221;1_3,1_3,1_3&#8243; use_custom_gutter=&#8221;on&#8221; gutter_width=&#8221;1&#8243; _builder_version=&#8221;4.16&#8243; _module_preset=&#8221;default&#8221; width=&#8221;100%&#8221; max_width=&#8221;100%&#8221; module_alignment=&#8221;center&#8221; custom_margin=&#8221;0px|0px|0px|0px|true|true&#8221; custom_padding=&#8221;0px|0px|0px|0px|true|true&#8221; hover_enabled=&#8221;0&#8243; global_colors_info=&#8221;{}&#8221; sticky_enabled=&#8221;0&#8243;][et_pb_column type=&#8221;1_3&#8243; _builder_version=&#8221;4.27.4&#8243; _module_preset=&#8221;default&#8221; custom_padding=&#8221;0px|0px|0px|0px|true|true&#8221; hover_enabled=&#8221;0&#8243; global_colors_info=&#8221;{}&#8221; sticky_enabled=&#8221;0&#8243;][et_pb_text _builder_version=&#8221;4.27.4&#8243; _module_preset=&#8221;default&#8221; text_font=&#8221;||||||||&#8221; header_font=&#8221;Poppins|600|||||||&#8221; header_text_align=&#8221;center&#8221; header_text_color=&#8221;#FFFFFF&#8221; header_font_size=&#8221;2.5rem&#8221; header_line_height=&#8221;1.8em&#8221; header_2_font=&#8221;Poppins|600|||||||&#8221; header_2_text_align=&#8221;center&#8221; header_2_text_color=&#8221;#FFFFFF&#8221; header_2_font_size=&#8221;2.5rem&#8221; header_2_line_height=&#8221;1.8em&#8221; background_color=&#8221;rgba(0,0,0,0.2)&#8221; background_image=&#8221;https:\/\/dametric.se\/wp-content\/uploads\/2021\/03\/home-image1-300&#215;300.jpg&#8221; background_blend=&#8221;darken&#8221; text_orientation=&#8221;center&#8221; background_layout=&#8221;dark&#8221; max_width=&#8221;100%&#8221; module_alignment=&#8221;left&#8221; height=&#8221;50vh&#8221; custom_margin=&#8221;0px|0px|0px|0px|true|true&#8221; custom_padding=&#8221;20%|0px|20%|0px|true|true&#8221; custom_padding_phone=&#8221;20%||20%||true|true&#8221; custom_padding_last_edited=&#8221;off|phone&#8221; animation_style=&#8221;fade&#8221; hover_transition_duration=&#8221;600ms&#8221; hover_enabled=&#8221;0&#8243; border_color_all=&#8221;#FFFFFF&#8221; border_style_all=&#8221;inset&#8221; global_colors_info=&#8221;{}&#8221; background__hover_enabled=&#8221;on|desktop&#8221; background_color_gradient_end__hover=&#8221;rgba(0,0,0,0)&#8221; use_background_color_gradient__hover=&#8221;on&#8221; background_color_gradient_overlays_image__hover=&#8221;off&#8221; background_color_gradient_start__hover=&#8221;rgba(0,0,0,0.5)&#8221; background_color__hover=&#8221;&#8221; background_enable_color__hover=&#8221;off&#8221; background_color_gradient_type__hover=&#8221;circular&#8221; background_color_gradient_stops__hover=&#8221;rgba(0,0,0,0.5) 0%|rgba(0,0,0,0) 100%&#8221; sticky_enabled=&#8221;0&#8243;]<\/p>\n<p><a href=\"https:\/\/dametric.se\/en\/refiner-control\/\" rel=\"bookmark\" title=\"Read more about Refiner control - dynamic weighing at Dametric\" aria-label=\"L\u00e4s mer om Raffin\u00f6rkontroll och dynamisk v\u00e4gning hos Dametric AB\"><\/a><\/p>\n<h1 style=\"display: none;\"><strong>Advanced refiner control and dynamic weighing for the pulp industry &#8211; Dametric<\/strong><\/h1>\n<p>&nbsp;<\/p>\n<h2><img loading=\"lazy\" decoding=\"async\" class=\"wp-image-434 alignnone size-medium\" style=\"display: block; margin-left: auto; margin-right: auto;\" src=\"https:\/\/dametric.se\/wp-content\/uploads\/2021\/04\/dametric_col_dark_bg_5000x965.png\" alt=\"Dametric logo\" width=\"220\" height=\"58\"> Refiner control<\/h2>\n<p><img loading=\"lazy\" decoding=\"async\" class=\"wp-image-417 alignnone size-medium\" style=\"display: block; margin-left: auto; margin-right: auto;\" src=\"https:\/\/dametric.se\/wp-content\/uploads\/2021\/04\/fast-forward-3.png\" alt=\"decorative\" width=\"100\" height=\"150\"><\/p>\n<p>[\/et_pb_text][\/et_pb_column][et_pb_column type=&#8221;1_3&#8243; _builder_version=&#8221;4.16&#8243; _module_preset=&#8221;default&#8221; custom_padding=&#8221;0px|0px|0px|0px|true|true&#8221; global_colors_info=&#8221;{}&#8221;][et_pb_text _builder_version=&#8221;4.27.4&#8243; _dynamic_attributes=&#8221;link_option_url&#8221; _module_preset=&#8221;default&#8221; text_font=&#8221;||||||||&#8221; header_font=&#8221;Poppins|600|||||||&#8221; header_text_align=&#8221;center&#8221; header_text_color=&#8221;#FFFFFF&#8221; header_font_size=&#8221;2.5rem&#8221; header_line_height=&#8221;1.2em&#8221; header_2_font=&#8221;Poppins|600|||||||&#8221; header_2_text_align=&#8221;center&#8221; header_2_text_color=&#8221;#FFFFFF&#8221; header_2_font_size=&#8221;2.5rem&#8221; header_2_line_height=&#8221;1.2em&#8221; background_color=&#8221;rgba(0,0,0,0.2)&#8221; background_image=&#8221;https:\/\/dametric.se\/wp-content\/uploads\/2021\/04\/Om-Dametric-Huvudbild.jpg&#8221; background_blend=&#8221;darken&#8221; text_orientation=&#8221;center&#8221; background_layout=&#8221;dark&#8221; max_width=&#8221;100%&#8221; module_alignment=&#8221;center&#8221; height=&#8221;50vh&#8221; custom_margin=&#8221;0px|0px|0px|0px|true|true&#8221; custom_padding=&#8221;20%|0px|20%|0px|true|true&#8221; animation_style=&#8221;fade&#8221; hover_transition_duration=&#8221;600ms&#8221; link_option_url=&#8221;@ET-DC@eyJkeW5hbWljIjp0cnVlLCJjb250ZW50IjoicG9zdF9saW5rX3VybF9wYWdlIiwic2V0dGluZ3MiOnsicG9zdF9pZCI6IjYzNyJ9fQ==@&#8221; border_color_all=&#8221;#FFFFFF&#8221; border_style_all=&#8221;outset&#8221; global_colors_info=&#8221;{}&#8221; background__hover_enabled=&#8221;on|hover&#8221; background_color_gradient_end__hover=&#8221;rgba(0,0,0,0)&#8221; use_background_color_gradient__hover=&#8221;on&#8221; background_color_gradient_start__hover=&#8221;rgba(0,0,0,0.5)&#8221; background_color_gradient_overlays_image__hover=&#8221;on&#8221; background_color__hover=&#8221;&#8221; background_enable_color__hover=&#8221;off&#8221; background_color_gradient_type__hover=&#8221;circular&#8221; background_color_gradient_start_position__hover=&#8221;0%&#8221; background_color_gradient_stops__hover=&#8221;rgba(0,0,0,0.5) 0%|rgba(0,0,0,0) 100%&#8221;]<\/p>\n<h2>About<br \/><img loading=\"lazy\" decoding=\"async\" src=\"https:\/\/dametric.se\/wp-content\/uploads\/2021\/04\/dametric_col_dark_bg_5000x965.png\" width=\"225\" height=\"62\" alt=\"Dametric logo\" class=\"wp-image-438 alignnone size-medium\"><\/h2>\n<p><img loading=\"lazy\" decoding=\"async\" src=\"https:\/\/dametric.se\/wp-content\/uploads\/2021\/04\/fast-forward-3.png\" width=\"100\" height=\"100\" alt=\"decorative\" class=\"wp-image-416 alignnone size-medium\"><\/p>\n<p>[\/et_pb_text][\/et_pb_column][et_pb_column type=&#8221;1_3&#8243; _builder_version=&#8221;4.16&#8243; _module_preset=&#8221;default&#8221; custom_padding=&#8221;0px|0px|0px|0px|true|true&#8221; global_colors_info=&#8221;{}&#8221;][et_pb_text _builder_version=&#8221;4.27.4&#8243; _dynamic_attributes=&#8221;link_option_url&#8221; _module_preset=&#8221;default&#8221; text_font=&#8221;||||||||&#8221; header_font=&#8221;Poppins|600|||||||&#8221; header_text_align=&#8221;center&#8221; header_text_color=&#8221;#FFFFFF&#8221; header_font_size=&#8221;2.5rem&#8221; header_line_height=&#8221;1.2em&#8221; header_2_font=&#8221;Poppins|600|||||||&#8221; header_2_text_align=&#8221;center&#8221; header_2_text_color=&#8221;#FFFFFF&#8221; header_2_font_size=&#8221;2.5rem&#8221; header_2_line_height=&#8221;1.2em&#8221; background_color=&#8221;rgba(0,0,0,0.2)&#8221; background_image=&#8221;https:\/\/dametric.se\/wp-content\/uploads\/2021\/04\/home-img4.jpg&#8221; background_blend=&#8221;darken&#8221; text_orientation=&#8221;center&#8221; background_layout=&#8221;dark&#8221; max_width=&#8221;100%&#8221; module_alignment=&#8221;right&#8221; height=&#8221;50vh&#8221; custom_margin=&#8221;0px|0px|0px|0px|true|true&#8221; custom_padding=&#8221;20%|0px|20%|0px|true|true&#8221; animation_style=&#8221;fade&#8221; hover_transition_duration=&#8221;600ms&#8221; link_option_url=&#8221;@ET-DC@eyJkeW5hbWljIjp0cnVlLCJjb250ZW50IjoicG9zdF9saW5rX3VybF9wYWdlIiwic2V0dGluZ3MiOnsicG9zdF9pZCI6Ijg4MCJ9fQ==@&#8221; border_color_all=&#8221;#FFFFFF&#8221; border_style_all=&#8221;outset&#8221; global_colors_info=&#8221;{}&#8221; background__hover_enabled=&#8221;on|hover&#8221; background_color_gradient_end__hover=&#8221;rgba(0,0,0,0)&#8221; use_background_color_gradient__hover=&#8221;on&#8221; background_color_gradient_start__hover=&#8221;rgba(0,0,0,0.5)&#8221; background_color_gradient_overlays_image__hover=&#8221;on&#8221; background_color__hover=&#8221;&#8221; background_enable_color__hover=&#8221;off&#8221; background_color_gradient_type__hover=&#8221;circular&#8221; background_color_gradient_stops__hover=&#8221;rgba(0,0,0,0.5) 0%|rgba(0,0,0,0) 100%&#8221;]<\/p>\n<h2><img loading=\"lazy\" decoding=\"async\" src=\"https:\/\/dametric.se\/wp-content\/uploads\/2021\/04\/dynapond_logo_white.png\" width=\"225\" height=\"62\" alt=\"Dynapond logo\" class=\"wp-image-438 alignnone size-medium\"><br \/>Dynamic weighing<\/h2>\n<p><img loading=\"lazy\" decoding=\"async\" src=\"https:\/\/dametric.se\/wp-content\/uploads\/2021\/04\/fast-forward-3.png\" width=\"100\" height=\"100\" alt=\"decorative\" class=\"wp-image-416 alignnone size-medium\"><\/p>\n<p>[\/et_pb_text][\/et_pb_column][\/et_pb_row][\/et_pb_section][et_pb_section fb_built=&#8221;1&#8243; _builder_version=&#8221;4.16&#8243; _module_preset=&#8221;default&#8221; background_color=&#8221;RGBA(0,0,0,0)&#8221; custom_margin=&#8221;0px||0px||true|false&#8221; custom_padding=&#8221;0px||0px||true|false&#8221; global_colors_info=&#8221;{}&#8221;][et_pb_row _builder_version=&#8221;4.16&#8243; _module_preset=&#8221;default&#8221; width=&#8221;100%&#8221; max_width=&#8221;100%&#8221; module_alignment=&#8221;center&#8221; custom_margin=&#8221;0px|0px|0px|0px|true|true&#8221; custom_padding=&#8221;0px|0px|0px|0px|true|true&#8221; global_colors_info=&#8221;{}&#8221;][et_pb_column type=&#8221;4_4&#8243; _builder_version=&#8221;4.16&#8243; _module_preset=&#8221;default&#8221; global_colors_info=&#8221;{}&#8221;][et_pb_post_slider posts_number=&#8221;3&#8243; include_categories=&#8221;all&#8221; more_text=&#8221;Read more about the article here&#8221; use_manual_excerpt=&#8221;off&#8221; show_meta=&#8221;off&#8221; _builder_version=&#8221;4.27.4&#8243; _module_preset=&#8221;default&#8221; header_font=&#8221;Open Sans|600|||||||&#8221; header_font_size=&#8221;40px&#8221; body_font=&#8221;Open Sans|600|||||||&#8221; meta_font=&#8221;|||on|on||||solid&#8221; meta_text_align=&#8221;center&#8221; background_color=&#8221;#00A49A&#8221; custom_button=&#8221;on&#8221; button_use_icon=&#8221;off&#8221; custom_padding=&#8221;62px||62px||true|&#8221; global_colors_info=&#8221;{}&#8221; content_source__hover_enabled=&#8221;off|desktop&#8221;][\/et_pb_post_slider][\/et_pb_column][\/et_pb_row][\/et_pb_section]<\/p>\n","protected":false},"excerpt":{"rendered":"<p>Advanced refiner control and dynamic weighing for the pulp industry &#8211; Dametric &nbsp; Refiner control About Dynamic weighing<\/p>\n","protected":false},"author":1,"featured_media":8946,"parent":0,"menu_order":0,"comment_status":"closed","ping_status":"closed","template":"","meta":{"_et_pb_use_builder":"on","_et_pb_old_content":"","_et_gb_content_width":"","footnotes":""},"class_list":["post-2797","page","type-page","status-publish","has-post-thumbnail","hentry"],"yoast_head":"<!-- This site is optimized with the Yoast SEO plugin v27.4 - https:\/\/yoast.com\/product\/yoast-seo-wordpress\/ -->\n<title>Refiner control and dynamic weighing for the process industry<\/title>\n<meta name=\"description\" content=\"Dametric develops innovative electronics for refiner control and dynamic weighing that optimize your production and quality.\" \/>\n<meta name=\"robots\" content=\"index, follow, max-snippet:-1, max-image-preview:large, max-video-preview:-1\" \/>\n<link rel=\"canonical\" href=\"https:\/\/dametric.se\/en\/\" \/>\n<meta property=\"og:locale\" content=\"en_US\" \/>\n<meta property=\"og:type\" content=\"article\" \/>\n<meta property=\"og:title\" content=\"Refiner control and dynamic weighing\" \/>\n<meta property=\"og:description\" content=\"Electronics for refiner control and weighing in industry.\" \/>\n<meta property=\"og:url\" content=\"https:\/\/dametric.se\/en\/\" \/>\n<meta property=\"og:site_name\" content=\"Dametric\" \/>\n<meta property=\"article:modified_time\" content=\"2025-11-11T12:54:54+00:00\" \/>\n<meta property=\"og:image\" content=\"https:\/\/dametric.se\/wp-content\/uploads\/2025\/11\/og-seo_img-dametric.webp\" \/>\n<meta name=\"twitter:card\" content=\"summary_large_image\" \/>\n<meta name=\"twitter:title\" content=\"Refiner control and weighing\" \/>\n<meta name=\"twitter:description\" content=\"Discover smart process control that improves your production.\" \/>\n<meta name=\"twitter:image\" content=\"https:\/\/dametric.se\/wp-content\/uploads\/2025\/11\/twitter_x-seo_img-dametric.webp\" \/>\n<meta name=\"twitter:label1\" content=\"Est. reading time\" \/>\n\t<meta name=\"twitter:data1\" content=\"5 minutes\" \/>\n<script type=\"application\/ld+json\" class=\"yoast-schema-graph\">{\"@context\":\"https:\\\/\\\/schema.org\",\"@graph\":[{\"@type\":\"WebPage\",\"@id\":\"https:\\\/\\\/dametric.se\\\/en\\\/\",\"url\":\"https:\\\/\\\/dametric.se\\\/en\\\/\",\"name\":\"Refiner control and dynamic weighing for the process industry\",\"isPartOf\":{\"@id\":\"https:\\\/\\\/dametric.se\\\/en\\\/#website\"},\"primaryImageOfPage\":{\"@id\":\"https:\\\/\\\/dametric.se\\\/en\\\/#primaryimage\"},\"image\":{\"@id\":\"https:\\\/\\\/dametric.se\\\/en\\\/#primaryimage\"},\"thumbnailUrl\":\"https:\\\/\\\/dametric.se\\\/wp-content\\\/uploads\\\/2025\\\/11\\\/logo-seo-dametric.webp\",\"datePublished\":\"2021-05-21T14:20:31+00:00\",\"dateModified\":\"2025-11-11T12:54:54+00:00\",\"description\":\"Dametric develops innovative electronics for refiner control and dynamic weighing that optimize your production and quality.\",\"breadcrumb\":{\"@id\":\"https:\\\/\\\/dametric.se\\\/en\\\/#breadcrumb\"},\"inLanguage\":\"en-US\",\"potentialAction\":[{\"@type\":\"ReadAction\",\"target\":[\"https:\\\/\\\/dametric.se\\\/en\\\/\"]}]},{\"@type\":\"ImageObject\",\"inLanguage\":\"en-US\",\"@id\":\"https:\\\/\\\/dametric.se\\\/en\\\/#primaryimage\",\"url\":\"https:\\\/\\\/dametric.se\\\/wp-content\\\/uploads\\\/2025\\\/11\\\/logo-seo-dametric.webp\",\"contentUrl\":\"https:\\\/\\\/dametric.se\\\/wp-content\\\/uploads\\\/2025\\\/11\\\/logo-seo-dametric.webp\",\"width\":696,\"height\":696},{\"@type\":\"BreadcrumbList\",\"@id\":\"https:\\\/\\\/dametric.se\\\/en\\\/#breadcrumb\",\"itemListElement\":[{\"@type\":\"ListItem\",\"position\":1,\"name\":\"Hem\",\"item\":\"https:\\\/\\\/dametric.se\\\/en\\\/hem\\\/\"},{\"@type\":\"ListItem\",\"position\":2,\"name\":\"Home\"}]},{\"@type\":\"WebSite\",\"@id\":\"https:\\\/\\\/dametric.se\\\/en\\\/#website\",\"url\":\"https:\\\/\\\/dametric.se\\\/en\\\/\",\"name\":\"Dametric\",\"description\":\"Precision och innovation f\u00f6r industrin \u2013 Dametric, din partner f\u00f6r smart m\u00e4tteknik och v\u00e4gning.\",\"publisher\":{\"@id\":\"https:\\\/\\\/dametric.se\\\/en\\\/#organization\"},\"potentialAction\":[{\"@type\":\"SearchAction\",\"target\":{\"@type\":\"EntryPoint\",\"urlTemplate\":\"https:\\\/\\\/dametric.se\\\/en\\\/?s={search_term_string}\"},\"query-input\":{\"@type\":\"PropertyValueSpecification\",\"valueRequired\":true,\"valueName\":\"search_term_string\"}}],\"inLanguage\":\"en-US\"},{\"@type\":\"Organization\",\"@id\":\"https:\\\/\\\/dametric.se\\\/en\\\/#organization\",\"name\":\"Dametric\",\"url\":\"https:\\\/\\\/dametric.se\\\/en\\\/\",\"logo\":{\"@type\":\"ImageObject\",\"inLanguage\":\"en-US\",\"@id\":\"https:\\\/\\\/dametric.se\\\/en\\\/#\\\/schema\\\/logo\\\/image\\\/\",\"url\":\"https:\\\/\\\/dametric.se\\\/wp-content\\\/uploads\\\/2021\\\/04\\\/dametric_col_light_bg_5000x965.png\",\"contentUrl\":\"https:\\\/\\\/dametric.se\\\/wp-content\\\/uploads\\\/2021\\\/04\\\/dametric_col_light_bg_5000x965.png\",\"width\":5000,\"height\":965,\"caption\":\"Dametric\"},\"image\":{\"@id\":\"https:\\\/\\\/dametric.se\\\/en\\\/#\\\/schema\\\/logo\\\/image\\\/\"},\"sameAs\":[\"https:\\\/\\\/www.linkedin.com\\\/company\\\/dametric-ab\\\/\"]}]}<\/script>\n<!-- \/ Yoast SEO plugin. -->","yoast_head_json":{"title":"Refiner control and dynamic weighing for the process industry","description":"Dametric develops innovative electronics for refiner control and dynamic weighing that optimize your production and quality.","robots":{"index":"index","follow":"follow","max-snippet":"max-snippet:-1","max-image-preview":"max-image-preview:large","max-video-preview":"max-video-preview:-1"},"canonical":"https:\/\/dametric.se\/en\/","og_locale":"en_US","og_type":"article","og_title":"Refiner control and dynamic weighing","og_description":"Electronics for refiner control and weighing in industry.","og_url":"https:\/\/dametric.se\/en\/","og_site_name":"Dametric","article_modified_time":"2025-11-11T12:54:54+00:00","og_image":[{"url":"https:\/\/dametric.se\/wp-content\/uploads\/2025\/11\/og-seo_img-dametric.webp","type":"","width":"","height":""}],"twitter_card":"summary_large_image","twitter_title":"Refiner control and weighing","twitter_description":"Discover smart process control that improves your production.","twitter_image":"https:\/\/dametric.se\/wp-content\/uploads\/2025\/11\/twitter_x-seo_img-dametric.webp","twitter_misc":{"Est. reading time":"5 minutes"},"schema":{"@context":"https:\/\/schema.org","@graph":[{"@type":"WebPage","@id":"https:\/\/dametric.se\/en\/","url":"https:\/\/dametric.se\/en\/","name":"Refiner control and dynamic weighing for the process industry","isPartOf":{"@id":"https:\/\/dametric.se\/en\/#website"},"primaryImageOfPage":{"@id":"https:\/\/dametric.se\/en\/#primaryimage"},"image":{"@id":"https:\/\/dametric.se\/en\/#primaryimage"},"thumbnailUrl":"https:\/\/dametric.se\/wp-content\/uploads\/2025\/11\/logo-seo-dametric.webp","datePublished":"2021-05-21T14:20:31+00:00","dateModified":"2025-11-11T12:54:54+00:00","description":"Dametric develops innovative electronics for refiner control and dynamic weighing that optimize your production and quality.","breadcrumb":{"@id":"https:\/\/dametric.se\/en\/#breadcrumb"},"inLanguage":"en-US","potentialAction":[{"@type":"ReadAction","target":["https:\/\/dametric.se\/en\/"]}]},{"@type":"ImageObject","inLanguage":"en-US","@id":"https:\/\/dametric.se\/en\/#primaryimage","url":"https:\/\/dametric.se\/wp-content\/uploads\/2025\/11\/logo-seo-dametric.webp","contentUrl":"https:\/\/dametric.se\/wp-content\/uploads\/2025\/11\/logo-seo-dametric.webp","width":696,"height":696},{"@type":"BreadcrumbList","@id":"https:\/\/dametric.se\/en\/#breadcrumb","itemListElement":[{"@type":"ListItem","position":1,"name":"Hem","item":"https:\/\/dametric.se\/en\/hem\/"},{"@type":"ListItem","position":2,"name":"Home"}]},{"@type":"WebSite","@id":"https:\/\/dametric.se\/en\/#website","url":"https:\/\/dametric.se\/en\/","name":"Dametric","description":"Precision och innovation f\u00f6r industrin \u2013 Dametric, din partner f\u00f6r smart m\u00e4tteknik och v\u00e4gning.","publisher":{"@id":"https:\/\/dametric.se\/en\/#organization"},"potentialAction":[{"@type":"SearchAction","target":{"@type":"EntryPoint","urlTemplate":"https:\/\/dametric.se\/en\/?s={search_term_string}"},"query-input":{"@type":"PropertyValueSpecification","valueRequired":true,"valueName":"search_term_string"}}],"inLanguage":"en-US"},{"@type":"Organization","@id":"https:\/\/dametric.se\/en\/#organization","name":"Dametric","url":"https:\/\/dametric.se\/en\/","logo":{"@type":"ImageObject","inLanguage":"en-US","@id":"https:\/\/dametric.se\/en\/#\/schema\/logo\/image\/","url":"https:\/\/dametric.se\/wp-content\/uploads\/2021\/04\/dametric_col_light_bg_5000x965.png","contentUrl":"https:\/\/dametric.se\/wp-content\/uploads\/2021\/04\/dametric_col_light_bg_5000x965.png","width":5000,"height":965,"caption":"Dametric"},"image":{"@id":"https:\/\/dametric.se\/en\/#\/schema\/logo\/image\/"},"sameAs":["https:\/\/www.linkedin.com\/company\/dametric-ab\/"]}]}},"_links":{"self":[{"href":"https:\/\/dametric.se\/en\/wp-json\/wp\/v2\/pages\/2797","targetHints":{"allow":["GET"]}}],"collection":[{"href":"https:\/\/dametric.se\/en\/wp-json\/wp\/v2\/pages"}],"about":[{"href":"https:\/\/dametric.se\/en\/wp-json\/wp\/v2\/types\/page"}],"author":[{"embeddable":true,"href":"https:\/\/dametric.se\/en\/wp-json\/wp\/v2\/users\/1"}],"replies":[{"embeddable":true,"href":"https:\/\/dametric.se\/en\/wp-json\/wp\/v2\/comments?post=2797"}],"version-history":[{"count":0,"href":"https:\/\/dametric.se\/en\/wp-json\/wp\/v2\/pages\/2797\/revisions"}],"wp:featuredmedia":[{"embeddable":true,"href":"https:\/\/dametric.se\/en\/wp-json\/wp\/v2\/media\/8946"}],"wp:attachment":[{"href":"https:\/\/dametric.se\/en\/wp-json\/wp\/v2\/media?parent=2797"}],"curies":[{"name":"wp","href":"https:\/\/api.w.org\/{rel}","templated":true}]}}